{"id":1932,"date":"2025-05-14T19:44:47","date_gmt":"2025-05-14T19:44:47","guid":{"rendered":"https:\/\/eg-event.fr\/?page_id=1932"},"modified":"2025-06-19T08:01:47","modified_gmt":"2025-06-19T08:01:47","slug":"mentions-legales-cgv","status":"publish","type":"page","link":"https:\/\/eg-event.fr\/fr\/mentions-legales-cgv\/","title":{"rendered":"Mentions l\u00e9gales &amp; CGV"},"content":{"rendered":"\t\t<div data-elementor-type=\"wp-page\" data-elementor-id=\"1932\" class=\"elementor elementor-1932\" data-elementor-post-type=\"page\">\n\t\t\t\t<div class=\"elementor-element elementor-element-2d7de29 e-flex e-con-boxed e-con e-parent\" data-id=\"2d7de29\" data-element_type=\"container\" data-e-type=\"container\">\n\t\t\t\t\t<div class=\"e-con-inner\">\n\t\t\t\t<div class=\"elementor-element elementor-element-15a48c3 elementor-widget elementor-widget-heading\" data-id=\"15a48c3\" data-element_type=\"widget\" data-e-type=\"widget\" data-widget_type=\"heading.default\">\n\t\t\t\t<div class=\"elementor-widget-container\">\n\t\t\t\t\t<h1 class=\"elementor-heading-title elementor-size-default\">Mentions l\u00e9gales &amp; CGV<\/h1>\t\t\t\t<\/div>\n\t\t\t\t<\/div>\n\t\t\t\t<div class=\"elementor-element elementor-element-2437ce3 elementor-widget elementor-widget-text-editor\" data-id=\"2437ce3\" data-element_type=\"widget\" data-e-type=\"widget\" data-widget_type=\"text-editor.default\">\n\t\t\t\t<div class=\"elementor-widget-container\">\n\t\t\t\t\t\t\t\t\t<section id=\"content\" class=\"animated\"><section class=\"bloc bloc_wysiwyg getUp fadeIn animated\"><h2>I. IDENTIFICATION<\/h2><p>Le pr\u00e9sent site www.exhibitgroup.fr est la propri\u00e9t\u00e9 de Exhibit Group SAS, inscrit au registre du commerce de Grasse sous le N\u00b0 389 590 100 et localis\u00e9 18\u00e8me rue \u2013 5\u00e8me avenue 06510 Carros.<\/p><p><strong>Directeur de la publication :<\/strong>\u00a0M. Julien Rivaton<br \/><strong>Responsable \u00e9ditorial :<\/strong>\u00a0M. Yannic Batifoulier<br \/><strong>Web Design :<\/strong> Exhibit Group<br \/><strong>Int\u00e9gration &amp; d\u00e9veloppement :<\/strong> Exhibit Group<\/p><p><strong>SIRET :<\/strong>\u00a0389 590 100 00043<br \/><strong>Code APE :<\/strong>\u00a07010 Z<br \/><strong>TVA Intracommunautaire :<\/strong>\u00a0FR 46 389 590 100<\/p><p>\u00a0<\/p><h2>II. DROITS DE PROPRI\u00c9T\u00c9 INTELLECTUELLE<\/h2><p>La conception g\u00e9n\u00e9rale, ainsi que les textes, films, images, sons, savoir-faire et tous autres \u00e9l\u00e9ments composants le site sont la propri\u00e9t\u00e9 exclusive d\u2019Exhibit Group, de ses filiales et\/ou de ses fournisseurs. L&rsquo;ensemble de ce site rel\u00e8ve de la l\u00e9gislation fran\u00e7aise sur le droit d&rsquo;auteur et la propri\u00e9t\u00e9 intellectuelle.<br \/>La reproduction de tout ou partie de ce site (autre que techniquement n\u00e9cessaire \u00e0 sa consultation) sur un support \u00e9lectronique quel qu&rsquo;il soit est express\u00e9ment interdite.<br \/>L&rsquo;utilisation du contenu du site en contravention avec ces prescriptions vaut contrefa\u00e7on au sens de l&rsquo;article 335-2 du Code de la propri\u00e9t\u00e9 intellectuelle.<br \/>Outre des dommages et int\u00e9r\u00eats au titre de la responsabilit\u00e9 civile, celle-ci peut \u00eatre p\u00e9nalement sanctionn\u00e9e de 300 000 euros d&rsquo;amende et\/ou de 3 ans d&#8217;emprisonnement.<br \/>Pour d&rsquo;autres utilisations, merci de prendre contact avec nous (via la rubrique \u00ab NOUS CONTACTER \u00bb du site et\/ou un courrier \u00e9lectronique \u00e0 l&rsquo;adresse suivante : marketing@exhibitgroup.fr).<br \/>Les marques cit\u00e9es sur ce site sont d\u00e9pos\u00e9es par les soci\u00e9t\u00e9s qui en sont propri\u00e9taires.<br \/>Tous liens hypertextes mis en place vers le pr\u00e9sent site web www.exhibitgroup.fr depuis d&rsquo;autres ressources pr\u00e9sentes sur le r\u00e9seau Internet, doivent imp\u00e9rativement faire l&rsquo;objet d&rsquo;une autorisation \u00e9crite et expresse du service Marketing d\u2019Exhibit Group. A cette fin, merci de prendre contact avec nous (via la rubrique \u00ab NOUS CONTACTER \u00bb du site et\/ou un courrier \u00e9lectronique \u00e0 l&rsquo;adresse suivante : marketing@exhibitgroup.fr).<br \/>Exhibit Group d\u00e9cline toute responsabilit\u00e9 relative au contenu des sites Internet vers lesquels des liens hypertextes pourraient renvoyer depuis le site<span style=\"display: inline !important;\">\u00a0\u00ab\u00a0www.exhibitgroup.fr\u00a0\u00bb.<\/span><\/p><p><span style=\"display: inline !important;\">\u00a0<\/span><\/p><h2>III. H\u00c9BERGEMENT \u2013 S\u00c9CURIT\u00c9 \u2013 RESPONSABILIT\u00c9<\/h2><p>Le site www.exhibitgroup.fr est h\u00e9berg\u00e9 sur les serveurs de la soci\u00e9t\u00e9 OVH (www.ovh.com), 2 rue Kellermann, 59100 Roubaix.<br \/>L&rsquo;utilisateur du pr\u00e9sent site reconna\u00eet disposer de la comp\u00e9tence pour acc\u00e9der, utiliser ce site et avoir v\u00e9rifi\u00e9 que la configuration informatique utilis\u00e9e ne contient aucun virus et qu&rsquo;elle est en parfait \u00e9tat de fonctionnement.<br \/>L&rsquo;utilisateur reconna\u00eet avoir \u00e9t\u00e9 inform\u00e9 que le pr\u00e9sent site est accessible sans interruption, \u00e0 l&rsquo;exception des cas de force majeure, difficult\u00e9s informatiques, difficult\u00e9s li\u00e9es aux r\u00e9seaux de communications ou de probl\u00e8mes techniques.<br \/>Pour des raisons de maintenance, Exhibit Group se r\u00e9serve le droit d&rsquo;interrompre le site \u00e0 tout moment. Exhibit Group met tout en \u0153uvre pour offrir aux utilisateurs des informations et\/ou outils disponibles et v\u00e9rifi\u00e9s, mais ne saurait \u00eatre tenu pour responsable des erreurs, d&rsquo;une absence de disponibilit\u00e9 des informations et\/ou de la pr\u00e9sence de virus sur son site.<\/p><p>Exhibit Group s&rsquo;efforce d&rsquo;assurer au mieux de ses possibilit\u00e9s l&rsquo;exactitude et la mise \u00e0 jour des informations diffus\u00e9es sur le site, dont elle se r\u00e9serve le droit de corriger, \u00e0 tout moment et sans pr\u00e9avis, le contenu.<\/p><p>En particulier, Exhibit Group ne saurait \u00eatre tenu pour responsable :<\/p><p>&#8211; de toute impr\u00e9cision, inexactitude ou omission portant sur des informations disponibles sur le site ;<\/p><p>&#8211; de tous dommages r\u00e9sultant d&rsquo;une intrusion informatique d&rsquo;un tiers ayant entra\u00een\u00e9 une modification des informations mises \u00e0 disposition sur le site ;<\/p><p>&#8211; et plus g\u00e9n\u00e9ralement, de tous dommages, directs ou indirects, qu&rsquo;elles qu&rsquo;en soient les causes, origines, natures et cons\u00e9quences, provoqu\u00e9s en raison de l&rsquo;acc\u00e8s de quiconque au site ou de l&rsquo;impossibilit\u00e9 d&rsquo;y acc\u00e9der, de m\u00eame que de l&rsquo;utilisation du Site et\/ou du cr\u00e9dit accord\u00e9 \u00e0 une quelconque information provenant directement ou indirectement de ce dernier.<\/p><p>Exhibit Group met en \u0153uvre des moyens destin\u00e9s \u00e0 assurer la s\u00e9curit\u00e9 des fichiers constitu\u00e9s \u00e0 partir des donn\u00e9es \u00e0 caract\u00e8re personnel collect\u00e9es sur le site. Il est toutefois rappel\u00e9 que Exhibit Group ne ma\u00eetrise pas les risques li\u00e9s au fonctionnement d&rsquo;Internet et attire l&rsquo;attention des internautes sur l&rsquo;existence d&rsquo;\u00e9ventuels risques en termes de confidentialit\u00e9 des donn\u00e9es transitant via ce r\u00e9seau.<\/p><p>\u00a0<\/p><h2>IV. MODIFICATIONS DES MENTIONS L<b>\u00c9<\/b>GALES<\/h2><p>Exhibit Group informe les internautes consultant le site que les pr\u00e9sentes mentions peuvent \u00eatre modifi\u00e9es \u00e0 tout moment. Ces modifications sont publi\u00e9es par leur mise en ligne et sont r\u00e9put\u00e9es accept\u00e9es sans r\u00e9serve par tout internaute qui acc\u00e8de au site post\u00e9rieurement \u00e0 leur mise en ligne.<\/p><p>\u00a0<\/p><h2>V. LITIGES<\/h2><p>Les pr\u00e9sentes mentions sont \u00e9tablies en conformit\u00e9 avec le droit fran\u00e7ais et notamment des dispositions de la loi n\u00b02004-575 du 21 juin 2004 pour la confiance dans l&rsquo;\u00e9conomie num\u00e9rique et de la loi n\u00b078-17 du 6 janvier 1978 relative \u00e0 l\u2019informatique, aux fichiers et aux libert\u00e9s. Les juridictions fran\u00e7aises sont territorialement comp\u00e9tentes pour conna\u00eetre de tout litige aff\u00e9rent \u00e0 l&rsquo;utilisation du site, sauf dispositions contraires d\u00e9coulant du R\u00e8glement n\u00b044\/2001 du 20 d\u00e9cembre 2000 sur la comp\u00e9tence judiciaire, la reconnaissance et l&rsquo;ex\u00e9cution des d\u00e9cisions en mati\u00e8re civile et commerciale (Bruxelles I).<\/p><p>Pour toute question que l&rsquo;internaute pourrait se poser sur l&rsquo;utilisation du site et\/ou sur les pr\u00e9sentes mentions, pour toute demande qu&rsquo;il pourrait souhaiter adresser \u00e0 Exhibit Group, il peut lui adresser un message dans la rubrique \u00ab\u00a0NOUS CONTACTER\u00a0\u00bb du site et\/ou un courrier \u00e9lectronique \u00e0 l&rsquo;adresse suivante : marketing@exhibitgroup.fr.<\/p><\/section><\/section><section id=\"prefooter\" class=\"animated\"><div class=\"container-fluid\"><div class=\"row\"><div class=\"col-md-6\">\u00a0<\/div><div class=\"col-md-6\"><div class=\"socials\">\u00a0<\/div><\/div><\/div><\/div><\/section>\t\t\t\t\t\t\t\t<\/div>\n\t\t\t\t<\/div>\n\t\t\t\t\t<\/div>\n\t\t\t\t<\/div>\n\t\t\t\t<\/div>\n\t\t","protected":false},"excerpt":{"rendered":"<p>I. IDENTIFICATION Le pr\u00e9sent site www.exhibitgroup.fr est la propri\u00e9t\u00e9 de Exhibit Group SAS, inscrit au registre du commerce de Grasse sous le N\u00b0 389 590 100 et localis\u00e9 18\u00e8me rue \u2013 5\u00e8me avenue 06510 Carros. Directeur de la publication :\u00a0M. Julien RivatonResponsable \u00e9ditorial :\u00a0M. Yannic BatifoulierWeb Design : Exhibit GroupInt\u00e9gration &amp; d\u00e9veloppement : Exhibit Group [&hellip;]<\/p>\n","protected":false},"author":1,"featured_media":0,"parent":0,"menu_order":9,"comment_status":"closed","ping_status":"closed","template":"","meta":{"_acf_changed":false,"footnotes":""},"class_list":["post-1932","page","type-page","status-publish","hentry"],"acf":[],"yoast_head":"<!-- This site is optimized with the Yoast SEO plugin v27.2 - https:\/\/yoast.com\/product\/yoast-seo-wordpress\/ -->\n<title>Mentions l\u00e9gales &amp; CGV - EG Event<\/title>\n<meta name=\"robots\" content=\"index, follow, max-snippet:-1, max-image-preview:large, max-video-preview:-1\" \/>\n<link rel=\"canonical\" href=\"https:\/\/eg-event.fr\/fr\/mentions-legales-cgv\/\" \/>\n<meta property=\"og:locale\" content=\"fr_FR\" \/>\n<meta property=\"og:type\" content=\"article\" \/>\n<meta property=\"og:title\" content=\"Mentions l\u00e9gales &amp; CGV - EG Event\" \/>\n<meta property=\"og:description\" content=\"I. IDENTIFICATION Le pr\u00e9sent site www.exhibitgroup.fr est la propri\u00e9t\u00e9 de Exhibit Group SAS, inscrit au registre du commerce de Grasse sous le N\u00b0 389 590 100 et localis\u00e9 18\u00e8me rue \u2013 5\u00e8me avenue 06510 Carros. Directeur de la publication :\u00a0M. Julien RivatonResponsable \u00e9ditorial :\u00a0M. Yannic BatifoulierWeb Design : Exhibit GroupInt\u00e9gration &amp; d\u00e9veloppement : Exhibit Group [&hellip;]\" \/>\n<meta property=\"og:url\" content=\"https:\/\/eg-event.fr\/fr\/mentions-legales-cgv\/\" \/>\n<meta property=\"og:site_name\" content=\"EG Event\" \/>\n<meta property=\"article:publisher\" content=\"https:\/\/www.facebook.com\/ExhibitGroup.fr\/\" \/>\n<meta property=\"article:modified_time\" content=\"2025-06-19T08:01:47+00:00\" \/>\n<meta name=\"twitter:card\" content=\"summary_large_image\" \/>\n<meta name=\"twitter:label1\" content=\"Dur\u00e9e de lecture estim\u00e9e\" \/>\n\t<meta name=\"twitter:data1\" content=\"5 minutes\" \/>\n<script type=\"application\/ld+json\" class=\"yoast-schema-graph\">{\"@context\":\"https:\/\/schema.org\",\"@graph\":[{\"@type\":\"WebPage\",\"@id\":\"https:\/\/eg-event.fr\/fr\/mentions-legales-cgv\/\",\"url\":\"https:\/\/eg-event.fr\/fr\/mentions-legales-cgv\/\",\"name\":\"Mentions l\u00e9gales &amp; CGV - EG Event\",\"isPartOf\":{\"@id\":\"https:\/\/eg-event.fr\/#website\"},\"datePublished\":\"2025-05-14T19:44:47+00:00\",\"dateModified\":\"2025-06-19T08:01:47+00:00\",\"breadcrumb\":{\"@id\":\"https:\/\/eg-event.fr\/fr\/mentions-legales-cgv\/#breadcrumb\"},\"inLanguage\":\"fr-FR\",\"potentialAction\":[{\"@type\":\"ReadAction\",\"target\":[\"https:\/\/eg-event.fr\/fr\/mentions-legales-cgv\/\"]}]},{\"@type\":\"BreadcrumbList\",\"@id\":\"https:\/\/eg-event.fr\/fr\/mentions-legales-cgv\/#breadcrumb\",\"itemListElement\":[{\"@type\":\"ListItem\",\"position\":1,\"name\":\"Home\",\"item\":\"https:\/\/eg-event.fr\/fr\/\"},{\"@type\":\"ListItem\",\"position\":2,\"name\":\"Mentions l\u00e9gales &amp; CGV\"}]},{\"@type\":\"WebSite\",\"@id\":\"https:\/\/eg-event.fr\/#website\",\"url\":\"https:\/\/eg-event.fr\/\",\"name\":\"EG Event\",\"description\":\"\",\"publisher\":{\"@id\":\"https:\/\/eg-event.fr\/#organization\"},\"potentialAction\":[{\"@type\":\"SearchAction\",\"target\":{\"@type\":\"EntryPoint\",\"urlTemplate\":\"https:\/\/eg-event.fr\/?s={search_term_string}\"},\"query-input\":{\"@type\":\"PropertyValueSpecification\",\"valueRequired\":true,\"valueName\":\"search_term_string\"}}],\"inLanguage\":\"fr-FR\"},{\"@type\":\"Organization\",\"@id\":\"https:\/\/eg-event.fr\/#organization\",\"name\":\"Exhibit Group\",\"url\":\"https:\/\/eg-event.fr\/\",\"logo\":{\"@type\":\"ImageObject\",\"inLanguage\":\"fr-FR\",\"@id\":\"https:\/\/eg-event.fr\/#\/schema\/logo\/image\/\",\"url\":\"https:\/\/eg-event.fr\/wp-content\/uploads\/EXHIBIT_GROUP_LOGOTYPE_RVB-scaled.jpg\",\"contentUrl\":\"https:\/\/eg-event.fr\/wp-content\/uploads\/EXHIBIT_GROUP_LOGOTYPE_RVB-scaled.jpg\",\"width\":2560,\"height\":728,\"caption\":\"Exhibit Group\"},\"image\":{\"@id\":\"https:\/\/eg-event.fr\/#\/schema\/logo\/image\/\"},\"sameAs\":[\"https:\/\/www.facebook.com\/ExhibitGroup.fr\/\",\"https:\/\/www.instagram.com\/exhibitgroup\/\",\"https:\/\/fr.linkedin.com\/company\/exhibit-group_2\"]}]}<\/script>\n<!-- \/ Yoast SEO plugin. -->","yoast_head_json":{"title":"Mentions l\u00e9gales &amp; CGV - EG Event","robots":{"index":"index","follow":"follow","max-snippet":"max-snippet:-1","max-image-preview":"max-image-preview:large","max-video-preview":"max-video-preview:-1"},"canonical":"https:\/\/eg-event.fr\/fr\/mentions-legales-cgv\/","og_locale":"fr_FR","og_type":"article","og_title":"Mentions l\u00e9gales &amp; CGV - EG Event","og_description":"I. IDENTIFICATION Le pr\u00e9sent site www.exhibitgroup.fr est la propri\u00e9t\u00e9 de Exhibit Group SAS, inscrit au registre du commerce de Grasse sous le N\u00b0 389 590 100 et localis\u00e9 18\u00e8me rue \u2013 5\u00e8me avenue 06510 Carros. Directeur de la publication :\u00a0M. Julien RivatonResponsable \u00e9ditorial :\u00a0M. Yannic BatifoulierWeb Design : Exhibit GroupInt\u00e9gration &amp; d\u00e9veloppement : Exhibit Group [&hellip;]","og_url":"https:\/\/eg-event.fr\/fr\/mentions-legales-cgv\/","og_site_name":"EG Event","article_publisher":"https:\/\/www.facebook.com\/ExhibitGroup.fr\/","article_modified_time":"2025-06-19T08:01:47+00:00","twitter_card":"summary_large_image","twitter_misc":{"Dur\u00e9e de lecture estim\u00e9e":"5 minutes"},"schema":{"@context":"https:\/\/schema.org","@graph":[{"@type":"WebPage","@id":"https:\/\/eg-event.fr\/fr\/mentions-legales-cgv\/","url":"https:\/\/eg-event.fr\/fr\/mentions-legales-cgv\/","name":"Mentions l\u00e9gales &amp; CGV - EG Event","isPartOf":{"@id":"https:\/\/eg-event.fr\/#website"},"datePublished":"2025-05-14T19:44:47+00:00","dateModified":"2025-06-19T08:01:47+00:00","breadcrumb":{"@id":"https:\/\/eg-event.fr\/fr\/mentions-legales-cgv\/#breadcrumb"},"inLanguage":"fr-FR","potentialAction":[{"@type":"ReadAction","target":["https:\/\/eg-event.fr\/fr\/mentions-legales-cgv\/"]}]},{"@type":"BreadcrumbList","@id":"https:\/\/eg-event.fr\/fr\/mentions-legales-cgv\/#breadcrumb","itemListElement":[{"@type":"ListItem","position":1,"name":"Home","item":"https:\/\/eg-event.fr\/fr\/"},{"@type":"ListItem","position":2,"name":"Mentions l\u00e9gales &amp; CGV"}]},{"@type":"WebSite","@id":"https:\/\/eg-event.fr\/#website","url":"https:\/\/eg-event.fr\/","name":"EG Event","description":"","publisher":{"@id":"https:\/\/eg-event.fr\/#organization"},"potentialAction":[{"@type":"SearchAction","target":{"@type":"EntryPoint","urlTemplate":"https:\/\/eg-event.fr\/?s={search_term_string}"},"query-input":{"@type":"PropertyValueSpecification","valueRequired":true,"valueName":"search_term_string"}}],"inLanguage":"fr-FR"},{"@type":"Organization","@id":"https:\/\/eg-event.fr\/#organization","name":"Exhibit Group","url":"https:\/\/eg-event.fr\/","logo":{"@type":"ImageObject","inLanguage":"fr-FR","@id":"https:\/\/eg-event.fr\/#\/schema\/logo\/image\/","url":"https:\/\/eg-event.fr\/wp-content\/uploads\/EXHIBIT_GROUP_LOGOTYPE_RVB-scaled.jpg","contentUrl":"https:\/\/eg-event.fr\/wp-content\/uploads\/EXHIBIT_GROUP_LOGOTYPE_RVB-scaled.jpg","width":2560,"height":728,"caption":"Exhibit Group"},"image":{"@id":"https:\/\/eg-event.fr\/#\/schema\/logo\/image\/"},"sameAs":["https:\/\/www.facebook.com\/ExhibitGroup.fr\/","https:\/\/www.instagram.com\/exhibitgroup\/","https:\/\/fr.linkedin.com\/company\/exhibit-group_2"]}]}},"_links":{"self":[{"href":"https:\/\/eg-event.fr\/fr\/wp-json\/wp\/v2\/pages\/1932","targetHints":{"allow":["GET"]}}],"collection":[{"href":"https:\/\/eg-event.fr\/fr\/wp-json\/wp\/v2\/pages"}],"about":[{"href":"https:\/\/eg-event.fr\/fr\/wp-json\/wp\/v2\/types\/page"}],"author":[{"embeddable":true,"href":"https:\/\/eg-event.fr\/fr\/wp-json\/wp\/v2\/users\/1"}],"replies":[{"embeddable":true,"href":"https:\/\/eg-event.fr\/fr\/wp-json\/wp\/v2\/comments?post=1932"}],"version-history":[{"count":0,"href":"https:\/\/eg-event.fr\/fr\/wp-json\/wp\/v2\/pages\/1932\/revisions"}],"wp:attachment":[{"href":"https:\/\/eg-event.fr\/fr\/wp-json\/wp\/v2\/media?parent=1932"}],"curies":[{"name":"wp","href":"https:\/\/api.w.org\/{rel}","templated":true}]}}